{"id":246,"date":"2018-08-07T12:41:26","date_gmt":"2018-08-07T17:41:26","guid":{"rendered":"http:\/\/wpbilingual-staging.whc.ca\/?page_id=246"},"modified":"2025-10-03T08:58:58","modified_gmt":"2025-10-03T12:58:58","slug":"services","status":"publish","type":"page","link":"https:\/\/bridgename.com\/en\/services\/","title":{"rendered":"Services"},"content":{"rendered":"<p>[et_pb_section fb_built=\u00a0\u00bb1&Prime; admin_label=\u00a0\u00bbsection\u00a0\u00bb _builder_version=\u00a0\u00bb4.16&Prime; global_colors_info=\u00a0\u00bb{}\u00a0\u00bb][et_pb_row admin_label=\u00a0\u00bbrow\u00a0\u00bb _builder_version=\u00a0\u00bb4.16&Prime; background_size=\u00a0\u00bbinitial\u00a0\u00bb background_position=\u00a0\u00bbtop_left\u00a0\u00bb background_repeat=\u00a0\u00bbrepeat\u00a0\u00bb width=\u00a0\u00bb83%\u00a0\u00bb global_colors_info=\u00a0\u00bb{}\u00a0\u00bb][et_pb_column type=\u00a0\u00bb4_4&Prime; _builder_version=\u00a0\u00bb4.16&Prime; custom_padding=\u00a0\u00bb|||\u00a0\u00bb global_colors_info=\u00a0\u00bb{}\u00a0\u00bb custom_padding__hover=\u00a0\u00bb|||\u00a0\u00bb][et_pb_text admin_label=\u00a0\u00bbText\u00a0\u00bb _builder_version=\u00a0\u00bb4.16&Prime; background_size=\u00a0\u00bbinitial\u00a0\u00bb background_position=\u00a0\u00bbtop_left\u00a0\u00bb background_repeat=\u00a0\u00bbrepeat\u00a0\u00bb width=\u00a0\u00bb100%\u00a0\u00bb global_colors_info=\u00a0\u00bb{}\u00a0\u00bb]<\/p>\n<figure><\/figure>\n<h1>NOS SERVICES\u00a0<\/h1>\n<p>&nbsp;<\/p>\n<p>Chez BridgeName, nous comprenons que votre nom de domaine n&rsquo;est pas qu&rsquo;une simple adresse ; c&rsquo;est votre identit\u00e9 num\u00e9rique, un atout strat\u00e9gique essentiel. Notre mission est de vous accompagner de mani\u00e8re experte \u00e0 chaque \u00e9tape de la gestion de votre portefeuille de domaines, de l&rsquo;acquisition \u00e0 la vente, en passant par une \u00c9valuation pr\u00e9cise et une n\u00e9gociation optimis\u00e9e.<\/p>\n<p>&nbsp;<\/p>\n<figure><\/figure>\n<h2><b>Acquisition de noms de domaine<\/b><\/h2>\n<p><b><\/b><\/p>\n<p>Vous cherchez \u00e0 am\u00e9liorer votre marque avec un nom de domaine Premium d\u00e9j\u00e0 enregistr\u00e9 ? L&rsquo;acquisition d&rsquo;un nom de domaine d\u00e9j\u00e0 d\u00e9tenu requiert discr\u00e9tion, finesse et expertise. Confiez-nous cette t\u00e2che d\u00e9licate pour vous assurer d&rsquo;obtenir le nom parfait au meilleur prix.<\/p>\n<h3><\/h3>\n<h3><\/h3>\n<h3>Notre approche d&rsquo;acquisition :<\/h3>\n<ul>\n<li>\n<p>Acquisitions Furtives et Discr\u00e8tes : Nous agissons en votre nom, de mani\u00e8re totalement anonyme, pour \u00e9viter que le vendeur ne gonfle le prix en sachant que c&rsquo;est vous (votre marque) qui \u00eates l&rsquo;acheteur.<\/p>\n<\/li>\n<li>\n<p>Optimisation du Prix d&rsquo;Achat : Gr\u00e2ce \u00e0 notre exp\u00e9rience approfondie du march\u00e9, nous savons comment et combien n\u00e9gocier pour atteindre le prix d&rsquo;achat le plus avantageux possible.<\/p>\n<\/li>\n<li>\n<p>Gestion Compl\u00e8te de A \u00e0 Z : De la prise de contact initiale \u00e0 l&rsquo;approche professionnelle du d\u00e9tenteur, jusqu&rsquo;au transfert technique s\u00e9curis\u00e9, nous g\u00e9rons l&rsquo;int\u00e9gralit\u00e9 du processus.<\/p>\n<\/li>\n<li>\n<p>Conseil Strat\u00e9gique : Nous vous guidons vers le nom qui correspond le mieux \u00e0 votre strat\u00e9gie de marque et \u00e0 vos objectifs \u00e0 long terme.<\/p>\n<\/li>\n<\/ul>\n<p>&nbsp;<\/p>\n<p>&nbsp;<\/p>\n<p>&nbsp;<\/p>\n<h2 class=\"el-title uk-h2 uk-font-secondary uk-margin-top uk-margin-remove-bottom\"><b>\u00c9valuation de noms de domaine<\/b><\/h2>\n<p><b><\/b><\/p>\n<p>Saviez-vous ce que vaut r\u00e9ellement votre propri\u00e9t\u00e9 intellectuelle ou votre actif num\u00e9rique ? Que vous souhaitiez vendre, acheter ou simplement assurer votre actif, une \u00e9valuation pr\u00e9cise est la premi\u00e8re \u00e9tape d&rsquo;une d\u00e9cision \u00e9clair\u00e9e.<\/p>\n<p>&nbsp;<\/p>\n<h3>Pourquoi une \u00e9valuation BridgeName ?<\/h3>\n<ul>\n<li>\n<p>Expertise du March\u00e9 : Forts de notre connaissance du march\u00e9 secondaire et des transactions r\u00e9centes, nous offrons une \u00e9valuation r\u00e9aliste et actualis\u00e9e de la valeur marchande de votre domaine.<\/p>\n<\/li>\n<li>\n<p>Analyse Multicrit\u00e8re : Nous basons notre estimation sur des facteurs cruciaux tels que la longueur, la m\u00e9morisation, l&rsquo;extension (TLD), le potentiel de marque, l&rsquo;historique du trafic et la pertinence par rapport \u00e0 l&rsquo;industrie.<\/p>\n<\/li>\n<li>\n<p>\u00c9valuation cibl\u00e9e pour l&rsquo;Achat : Vous visez un domaine ? Nous vous aidons \u00e0 d\u00e9terminer le prix maximal \u00e0 payer pour \u00e9viter de surpayer l&rsquo;actif.<\/p>\n<\/li>\n<li>\n<p>Rapport Professionnel : Vous recevez un rapport d&rsquo;\u00e9valuation clair qui justifie la valeur estim\u00e9e, un atout majeur pour toute prise de d\u00e9cision.<\/p>\n<\/li>\n<\/ul>\n<p><span style=\"font-size: 16px;\">\u00a0<\/span><\/p>\n<h2><strong>N\u00e9gociation strat\u00e9gique<\/strong><\/h2>\n<p>&nbsp;<\/p>\n<p>La n\u00e9gociation est le c\u0153ur de notre m\u00e9tier. Que vous soyez acheteur ou vendeur, nous mettons notre expertise en n\u00e9gociation \u00e0 votre service pour transformer une simple discussion en une transaction r\u00e9ussie et optimis\u00e9e.<\/p>\n<p>&nbsp;<\/p>\n<h3>Notre avantage en n\u00e9gociation :<\/h3>\n<ul>\n<li>\n<p>Vente : Maximisation du prix : Notre objectif est d&rsquo;appliquer nos tactiques de n\u00e9gociation \u00e9prouv\u00e9es pour s\u00e9curiser le prix de vente le plus \u00e9lev\u00e9 possible pour vos actifs num\u00e9riques.<\/p>\n<\/li>\n<li>\n<p>Achat : Minimisation du co\u00fbt : Nous maintenons la pression et utilisons notre connaissance de la valeur r\u00e9elle pour faire descendre le prix d&rsquo;achat et garantir que vous obtenez le meilleur retour sur investissement.<\/p>\n<\/li>\n<li>\n<p>Interm\u00e9diaire neutre : En agissant comme tiers, nous d\u00e9chargeons l&rsquo;acheteur ou le vendeur de la pression \u00e9motionnelle et strat\u00e9gique, permettant une n\u00e9gociation plus objective et efficace.<\/p>\n<\/li>\n<li>\n<p>Gestion des Conditions : Au-del\u00e0 du prix, nous veillons \u00e0 n\u00e9gocier toutes les conditions de la transaction, y compris les d\u00e9lais, le processus de transfert et l&rsquo;utilisation du service d&rsquo;entiercement (<i>Escrow<\/i>).<\/p>\n<\/li>\n<\/ul>\n<p>&nbsp;<\/p>\n<h2><strong>Vente : Mon\u00e9tiser votre actif<\/strong><\/h2>\n<p><strong><\/strong><\/p>\n<p>&nbsp;<\/p>\n<p>Vous d\u00e9tenez un domaine de valeur et souhaitez le mon\u00e9tiser ? Notre service de courtage est con\u00e7u pour vous d\u00e9charger de tout le processus de vente, tout en vous assurant d&rsquo;atteindre les acheteurs les plus s\u00e9rieux et d&rsquo;obtenir le meilleur prix.<\/p>\n<p>&nbsp;<\/p>\n<h3>Le service de courtage BridgeName :<\/h3>\n<ul>\n<li>\n<p>Identification des acheteurs cl\u00e9s : Nous identifions, approchons professionnellement et engageons la conversation avec les d\u00e9cideurs qui ont le pouvoir et l&rsquo;intention d&rsquo;acheter votre domaine.<\/p>\n<\/li>\n<li>\n<p>Confidentialit\u00e9 totale : Votre identit\u00e9 reste confidentielle tout au long du processus, assurant une transaction discr\u00e8te et prot\u00e9geant vos autres actifs.<\/p>\n<\/li>\n<li>\n<p>Assistance compl\u00e8te : De la mise en march\u00e9 \u00e0 la gestion des offres, jusqu&rsquo;au transfert final et s\u00e9curis\u00e9 via un service d&rsquo;entiercement r\u00e9put\u00e9 (ex. : Escrow.com), nous sommes l\u00e0 \u00e0 chaque \u00e9tape.<\/p>\n<\/li>\n<li>\n<p>Port\u00e9e globale : Nous offrons nos services en plusieurs langues et touchons un r\u00e9seau international d&rsquo;acheteurs potentiels, maximisant ainsi les chances de vente.<\/p>\n<p>&nbsp;<\/p>\n<p>Pr\u00eat \u00e0 faire passer votre portefeuille de domaines au niveau sup\u00e9rieur ? Que vous cherchiez \u00e0 acqu\u00e9rir le nom parfait ou \u00e0 mon\u00e9tiser un actif, contactez BridgeName pour discuter de la mani\u00e8re dont nous pouvons \u00eatre votre partenaire strat\u00e9gique.<\/p>\n<\/li>\n<\/ul>\n<p>[\/et_pb_text][\/et_pb_column][\/et_pb_row][\/et_pb_section]<\/p>\n","protected":false},"excerpt":{"rendered":"<p>NOS SERVICES\u00a0 &nbsp; Chez BridgeName, nous comprenons que votre nom de domaine n&rsquo;est pas qu&rsquo;une simple adresse ; c&rsquo;est votre identit\u00e9 num\u00e9rique, un atout strat\u00e9gique essentiel. Notre mission est de vous accompagner de mani\u00e8re experte \u00e0 chaque \u00e9tape de la gestion de votre portefeuille de domaines, de l&rsquo;acquisition \u00e0 la vente, en passant par une [&hellip;]<\/p>\n","protected":false},"author":1,"featured_media":0,"parent":0,"menu_order":0,"comment_status":"closed","ping_status":"closed","template":"","meta":{"_et_pb_use_builder":"on","_et_pb_old_content":"<h2><b>Services<\/b><\/h2>\t\t\n\t\t\t<figure><img width=\"151\" height=\"151\" src=\"http:\/\/wpbilingual-staging.whc.ca\/wp-content\/uploads\/2018\/07\/icon-G_S.2.png\" alt=\"\" srcset=\"http:\/\/wpbilingual-staging.whc.ca\/wp-content\/uploads\/2018\/07\/icon-G_S.2.png 151w, http:\/\/wpbilingual-staging.whc.ca\/wp-content\/uploads\/2018\/07\/icon-G_S.2-150x150.png 150w\" sizes=\"(max-width: 151px) 100vw, 151px\" \/><\/figure><h2>Related or Separate Products\/Services<\/h2><p>If you only have a few products or services, then this page may be all you need. However, if you have multiple, then this first services page, might be better used to start categorizing services or products.<\/p>\t\t\n\t\t\t<figure><img width=\"151\" height=\"151\" src=\"http:\/\/wpbilingual-staging.whc.ca\/wp-content\/uploads\/2018\/07\/icon-G_S.4.png\" alt=\"\" srcset=\"http:\/\/wpbilingual-staging.whc.ca\/wp-content\/uploads\/2018\/07\/icon-G_S.4.png 151w, http:\/\/wpbilingual-staging.whc.ca\/wp-content\/uploads\/2018\/07\/icon-G_S.4-150x150.png 150w\" sizes=\"(max-width: 151px) 100vw, 151px\" \/><\/figure><h2>Writing About a Product or Service<\/h2><p>The title (directly above) is a straightforward \"what the product\/service is\". This subsection should hold a brief description and you can go into the finer details in the section below. You can also create links leading to pages for even more information on a product\/service\/topic!  <\/p>\t\t\n\t\t\t<figure><img width=\"151\" height=\"151\" src=\"http:\/\/wpbilingual-staging.whc.ca\/wp-content\/uploads\/2018\/07\/icon-G_S.3.png\" alt=\"\" srcset=\"http:\/\/wpbilingual-staging.whc.ca\/wp-content\/uploads\/2018\/07\/icon-G_S.3.png 151w, http:\/\/wpbilingual-staging.whc.ca\/wp-content\/uploads\/2018\/07\/icon-G_S.3-150x150.png 150w\" sizes=\"(max-width: 151px) 100vw, 151px\" \/><\/figure><h2>Don't Forget Your Brand!<\/h2><p>When writing a description try to give it a bit of a personal touch.  Doesn't have to be much, just a little something to help your brand stand out. Ex: '3 inch red pumps' is good, but \" 3 inch red pumps: the classic style needed for that formal work party and the comfort needed  so you can cut loose on the dance floor!\" makes the product much more exciting.  Does this block of text seem long? YES! So try to keep it five lines or less!<\/p>\t\t\n\t\t\t\t\t\t\t\t\t\t<img width=\"300\" height=\"223\" src=\"http:\/\/wpbilingual-staging.whc.ca\/wp-content\/uploads\/2018\/07\/img2-1-300x223.png\" alt=\"\" srcset=\"http:\/\/wpbilingual-staging.whc.ca\/wp-content\/uploads\/2018\/07\/img2-1-300x223.png 300w, http:\/\/wpbilingual-staging.whc.ca\/wp-content\/uploads\/2018\/07\/img2-1-768x571.png 768w, http:\/\/wpbilingual-staging.whc.ca\/wp-content\/uploads\/2018\/07\/img2-1.png 1019w\" sizes=\"(max-width: 300px) 100vw, 300px\" \/>\t\t\t\t\t\t\t\t\t\t\t\n\t\t\t<h2>Tell me more about that product!<\/h2>\t\t\n\t\t<p>Now it's time to get into the details of your products! The above title should be identical or very similar to the title in the first part of the services page, so visitors know where to look.\u00a0<\/p><p>The description should focus on five main points when describing a product:<\/p><ol><li><b>The primary selling points<\/b>- Why would a person want this? Cause it is a great product! But why is it great?<\/li><li><b>Extras<\/b>- Are there some extra features that are not obvious? One or two more selling points can make the difference.<\/li><li><b>Basic 'technical' details<\/b>- Give them the geeky details so they know exactly what they will get. But just enough to satisfy curiosity.<\/li><li><b>Price <\/b>- Even if there is a price range let them know what it is.<\/li><li><b>End with a strong Call to Action <\/b>- A final push to make a visitor take action.<\/li><\/ol>\t\t\n\t\t\t<h2>Tell me more about that service!<\/h2>\t\t\n\t\t<p>Now it's time to get into the details of your service! The above title should be identical or very similar to the title in the first part of the services page, so visitors know where to look.\u00a0<\/p><p>You may be tempted to go into a lot of detail here but don't go too crazy. Most people only want to know the basics. The main focus should be on what you bring to the service and why you are a great choice.\u00a0<\/p><p>If you don't know where to start, try the hook, line and sinker approach.<\/p><p>Hook: What problem are visitors facing?<\/p><p>Line:\u00a0How the service solves that problem?<\/p><p>Sinker: Why is your company is a superior choice for that service?<\/p><p>\u00a0End it with a <b>Call To Action<\/b> to motivate visitors into contacting you.\u00a0<\/p>\t\t\n\t\t\t\t\t\t\t\t\t\t<img src=\"http:\/\/wpbilingual-staging.whc.ca\/wp-content\/uploads\/2018\/07\/img1-1.png\" title=\"img1-1.png\" alt=\"img1-1.png\" \/>\t\t\t\t\t\t\t\t\t\t\t\n\t\t\t\t\t\t\t\t\t\t<img width=\"300\" height=\"223\" src=\"http:\/\/wpbilingual-staging.whc.ca\/wp-content\/uploads\/2018\/07\/img2-1-300x223.png\" alt=\"\" srcset=\"http:\/\/wpbilingual-staging.whc.ca\/wp-content\/uploads\/2018\/07\/img2-1-300x223.png 300w, http:\/\/wpbilingual-staging.whc.ca\/wp-content\/uploads\/2018\/07\/img2-1-768x571.png 768w, http:\/\/wpbilingual-staging.whc.ca\/wp-content\/uploads\/2018\/07\/img2-1.png 1019w\" sizes=\"(max-width: 300px) 100vw, 300px\" \/>\t\t\t\t\t\t\t\t\t\t\t\n\t\t\t<h2>Adding more Products\/Services<\/h2>\t\t\n\t\t<p>It's super easy with Elementor!<\/p><p>A) Right-click the section you wish to duplicate and select <b>duplicate<\/b>. Bam! There is your new section.\u00a0<\/p><p>but its not in the right place? No problem.<\/p><p>B) Right-click the section you wish to duplicate and click <b>copy<\/b>. Go to a widget holder (like the one directly below which\u00a0 says 'Drag widget here'), right-click and select paste.<\/p><p>You can also add a new widget holder by clicking the \"+\" button at the top of a section in the little blue box.<\/p><p>Don't see a widget holder or the \"+\" in a little blue box? Then you are probably not in Elementor. Select \"Edit with Elementor\" at the top of a page you wish to modify.<\/p>","_et_gb_content_width":"","footnotes":""},"class_list":["post-246","page","type-page","status-publish","hentry"],"_links":{"self":[{"href":"https:\/\/bridgename.com\/en\/wp-json\/wp\/v2\/pages\/246","targetHints":{"allow":["GET"]}}],"collection":[{"href":"https:\/\/bridgename.com\/en\/wp-json\/wp\/v2\/pages"}],"about":[{"href":"https:\/\/bridgename.com\/en\/wp-json\/wp\/v2\/types\/page"}],"author":[{"embeddable":true,"href":"https:\/\/bridgename.com\/en\/wp-json\/wp\/v2\/users\/1"}],"replies":[{"embeddable":true,"href":"https:\/\/bridgename.com\/en\/wp-json\/wp\/v2\/comments?post=246"}],"version-history":[{"count":16,"href":"https:\/\/bridgename.com\/en\/wp-json\/wp\/v2\/pages\/246\/revisions"}],"predecessor-version":[{"id":609,"href":"https:\/\/bridgename.com\/en\/wp-json\/wp\/v2\/pages\/246\/revisions\/609"}],"wp:attachment":[{"href":"https:\/\/bridgename.com\/en\/wp-json\/wp\/v2\/media?parent=246"}],"curies":[{"name":"wp","href":"https:\/\/api.w.org\/{rel}","templated":true}]}}