{"id":295,"date":"2018-08-07T15:55:59","date_gmt":"2018-08-07T20:55:59","guid":{"rendered":"http:\/\/wpbilingual-staging.whc.ca\/?page_id=295"},"modified":"2025-10-08T14:04:28","modified_gmt":"2025-10-08T18:04:28","slug":"contact","status":"publish","type":"page","link":"https:\/\/bridgename.com\/en\/contact\/","title":{"rendered":"Contact"},"content":{"rendered":"<p>[et_pb_section admin_label=\u00a0\u00bbsection\u00a0\u00bb]<br \/>\n\t\t\t[et_pb_row admin_label=\u00a0\u00bbrow\u00a0\u00bb]<br \/>\n\t\t\t\t[et_pb_column type=\u00a0\u00bb4_4&Prime;][et_pb_text admin_label=\u00a0\u00bbText\u00a0\u00bb]<\/p>\n<h2><b>Contact<\/b><\/h2>\n<h3>\n\t\t\t\t\tVenez nous voir<br \/>\n\t\t\t\t<\/h3>\n<p>Mentionnez o\u00f9 vous \u00eates situ\u00e9s. Utilisez la ligne ci-dessous pour indiquer votre adresse et utilisez cet espace pour donner une br\u00e8ve description de votre installation ou de votre r\u00e9gion.<\/p>\n<p>Votre adresse ici<\/p>\n<h3>\n\t\t\t\t\tAppelez-nous<br \/>\n\t\t\t\t<\/h3>\n<p>Quand les visiteurs du site peuvent-ils vous appeler ? S&rsquo;ils ne peuvent pas vous joindre, quelles informations devraient-ils laisser sur la messagerie vocale ?<\/p>\n<p>Num\u00e9ro de t\u00e9l\u00e9phone ici<\/p>\n<h3>\n\t\t\t\t\tContactez-nous<br \/>\n\t\t\t\t<\/h3>\n<p>Faites savoir \u00e0 vos visiteurs que vous aimez recevoir leurs courriels. Vous \u00eates pr\u00eat \u00e0 r\u00e9pondre \u00e0 leurs questions.<\/p>\n<p>Votre adresse email<\/p>\n<p>[contact-form-7 id=\u00a0\u00bb318&Prime; title=\u00a0\u00bbContact form\u00a0\u00bb]<br \/>\n\t\t\t<iframe frameborder=\"0\" scrolling=\"no\" marginheight=\"0\" marginwidth=\"0\" src=\"https:\/\/maps.google.com\/maps?q=H%C3%A9bergement%20Web%20Canada%2C%20Montreal%2C%20Canada&amp;t=m&amp;z=10&amp;output=embed&amp;iwloc=near\" aria-label=\"H\u00e9bergement Web Canada, Montreal, Canada\"><\/iframe>[\/et_pb_text][\/et_pb_column]<br \/>\n\t\t\t[\/et_pb_row]<br \/>\n\t\t[\/et_pb_section]<\/p>\n","protected":false},"excerpt":{"rendered":"<p>Contact Venez nous voir Mentionnez o\u00f9 vous \u00eates situ\u00e9s. Utilisez la ligne ci-dessous pour indiquer votre adresse et utilisez cet espace pour donner une br\u00e8ve description de votre installation ou de votre r\u00e9gion. Votre adresse ici Appelez-nous Quand les visiteurs du site peuvent-ils vous appeler ? S&rsquo;ils ne peuvent pas vous joindre, quelles informations devraient-ils [&hellip;]<\/p>\n","protected":false},"author":1,"featured_media":0,"parent":0,"menu_order":0,"comment_status":"closed","ping_status":"closed","template":"","meta":{"_et_pb_use_builder":"on","_et_pb_old_content":"<h2><b>Contact<\/b><\/h2>\t\t\n\t\t\t\t<h3>\n\t\t\t\t\tVenez nous voir\n\t\t\t\t<\/h3>\n\t\t\t\t<p>Mentionnez o\u00f9 vous \u00eates situ\u00e9s. Utilisez la ligne ci-dessous pour indiquer votre adresse et utilisez cet espace pour donner une br\u00e8ve description de votre installation ou de votre r\u00e9gion.<\/p>\n\t\t\t<p>Votre adresse ici<\/p>\t\t\n\t\t\t\t<h3>\n\t\t\t\t\tAppelez-nous\n\t\t\t\t<\/h3>\n\t\t\t\t<p>Quand les visiteurs du site peuvent-ils vous appeler ? S'ils ne peuvent pas vous joindre, quelles informations devraient-ils laisser sur la messagerie vocale ?<\/p>\n\t\t\t<p>Num\u00e9ro de t\u00e9l\u00e9phone ici<\/p>\t\t\n\t\t\t\t<h3>\n\t\t\t\t\tContactez-nous\n\t\t\t\t<\/h3>\n\t\t\t\t<p>Faites savoir \u00e0 vos visiteurs que vous aimez recevoir leurs courriels. Vous \u00eates pr\u00eat \u00e0 r\u00e9pondre \u00e0 leurs questions.<\/p>\n\t\t\t<p>Votre adresse email<\/p>\t\t\n[contact-form-7 id=\"318\" title=\"Contact form\"]\t\t\n\t\t\t<iframe frameborder=\"0\" scrolling=\"no\" marginheight=\"0\" marginwidth=\"0\" src=\"https:\/\/maps.google.com\/maps?q=H%C3%A9bergement%20Web%20Canada%2C%20Montreal%2C%20Canada&amp;t=m&amp;z=10&amp;output=embed&amp;iwloc=near\" aria-label=\"H\u00e9bergement Web Canada, Montreal, Canada\"><\/iframe>","_et_gb_content_width":"","footnotes":""},"class_list":["post-295","page","type-page","status-publish","hentry"],"_links":{"self":[{"href":"https:\/\/bridgename.com\/en\/wp-json\/wp\/v2\/pages\/295","targetHints":{"allow":["GET"]}}],"collection":[{"href":"https:\/\/bridgename.com\/en\/wp-json\/wp\/v2\/pages"}],"about":[{"href":"https:\/\/bridgename.com\/en\/wp-json\/wp\/v2\/types\/page"}],"author":[{"embeddable":true,"href":"https:\/\/bridgename.com\/en\/wp-json\/wp\/v2\/users\/1"}],"replies":[{"embeddable":true,"href":"https:\/\/bridgename.com\/en\/wp-json\/wp\/v2\/comments?post=295"}],"version-history":[{"count":5,"href":"https:\/\/bridgename.com\/en\/wp-json\/wp\/v2\/pages\/295\/revisions"}],"predecessor-version":[{"id":673,"href":"https:\/\/bridgename.com\/en\/wp-json\/wp\/v2\/pages\/295\/revisions\/673"}],"wp:attachment":[{"href":"https:\/\/bridgename.com\/en\/wp-json\/wp\/v2\/media?parent=295"}],"curies":[{"name":"wp","href":"https:\/\/api.w.org\/{rel}","templated":true}]}}