{"id":298,"date":"2018-08-07T15:56:21","date_gmt":"2018-08-07T20:56:21","guid":{"rendered":"http:\/\/wpbilingual-staging.whc.ca\/?page_id=298"},"modified":"2025-10-13T14:37:37","modified_gmt":"2025-10-13T18:37:37","slug":"accueil","status":"publish","type":"page","link":"https:\/\/bridgename.com\/fr\/accueil\/","title":{"rendered":"Accueil"},"content":{"rendered":"<p>[et_pb_section admin_label=\u00a0\u00bbsection\u00a0\u00bb]<br \/>\n\t\t\t[et_pb_row admin_label=\u00a0\u00bbrow\u00a0\u00bb]<br \/>\n\t\t\t\t[et_pb_column type=\u00a0\u00bb4_4&Prime;][et_pb_text admin_label=\u00a0\u00bbText\u00a0\u00bb]<\/p>\n<h2><b>La toute premi\u00e8re impression du visiteur<\/b><br \/>\u00c9crire un titre qui les captive<\/h2>\n<p>\t\tCette zone de sous-titres est utilis\u00e9e pour cr\u00e9er un bref r\u00e9sum\u00e9 de ce qu&rsquo;est le site et susciter de l&rsquo;int\u00e9r\u00eat pour le d\u00e9couvrir. Placez les mots-cl\u00e9s les plus importants dans le titre et les mots-cl\u00e9s secondaires ici.<br \/>\n\t\t\t<a href=\"#\" role=\"button\"><br \/>\n\t\t\t\t\t\tUn appel \u00e0 l&rsquo;action (CTA): Quelle est l&rsquo;action principale qu&rsquo;un visiteur doit faire? (Soyez tr\u00e8s bref, contrairement \u00e0 nous \ud83d\ude42 )<br \/>\n\t\t\t\t\t<\/a><\/p>\n<figure><img loading=\"lazy\" decoding=\"async\" width=\"151\" height=\"151\" src=\"http:\/\/wpbilingual-staging.whc.ca\/wp-content\/uploads\/2018\/07\/icon-G_S.2.png\" alt=\"\" srcset=\"http:\/\/wpbilingual-staging.whc.ca\/wp-content\/uploads\/2018\/07\/icon-G_S.2.png 151w, http:\/\/wpbilingual-staging.whc.ca\/wp-content\/uploads\/2018\/07\/icon-G_S.2-150x150.png 150w\" sizes=\"(max-width: 151px) 100vw, 151px\" \/><\/figure>\n<h2>Produit ou service principal<\/h2>\n<p>Quel est votre produit ou service vedette? Les gens veulent le trouver rapidement, alors mentionnez-le ici.<\/p>\n<p>\t\t\t<a href=\"#\" role=\"button\"><br \/>\n\t\t\t\t\t\tCTA Ex: Soyez dans le coup!<br \/>\n\t\t\t\t\t<\/a><\/p>\n<figure><img loading=\"lazy\" decoding=\"async\" width=\"151\" height=\"151\" src=\"http:\/\/wpbilingual-staging.whc.ca\/wp-content\/uploads\/2018\/07\/icon-G_S.4.png\" alt=\"\" srcset=\"http:\/\/wpbilingual-staging.whc.ca\/wp-content\/uploads\/2018\/07\/icon-G_S.4.png 151w, http:\/\/wpbilingual-staging.whc.ca\/wp-content\/uploads\/2018\/07\/icon-G_S.4-150x150.png 150w\" sizes=\"(max-width: 151px) 100vw, 151px\" \/><\/figure>\n<h2>Deuxi\u00e8me produit ou service<\/h2>\n<p>Ce n&rsquo;est pas votre produit ou service le plus populaire, mais qui offre quand m\u00eame de la valeur \u00e0 un visiteur. Ils ont beau \u00eatre sur votre site pour le produit principal, mais celui-l\u00e0 leur donnera une raison suppl\u00e9mentaire de rester.<\/p>\n<p>\t\t\t<a href=\"#\" role=\"button\"><br \/>\n\t\t\t\t\t\tCTA EX: Obtenez-le en Sp\u00e9cial!<br \/>\n\t\t\t\t\t<\/a><\/p>\n<figure><img loading=\"lazy\" decoding=\"async\" width=\"151\" height=\"151\" src=\"http:\/\/wpbilingual-staging.whc.ca\/wp-content\/uploads\/2018\/07\/icon-G_S.3.png\" alt=\"\" srcset=\"http:\/\/wpbilingual-staging.whc.ca\/wp-content\/uploads\/2018\/07\/icon-G_S.3.png 151w, http:\/\/wpbilingual-staging.whc.ca\/wp-content\/uploads\/2018\/07\/icon-G_S.3-150x150.png 150w\" sizes=\"(max-width: 151px) 100vw, 151px\" \/><\/figure>\n<h2>3e produit ou service<\/h2>\n<p>Terminer le triple combo gagnant en suscitant la curiosit\u00e9 de vos visiteurs. Vous voulez que le visiteur moyen fasse \u00ab\u00a0hmm de quoi s&rsquo;agit-il? Il pourrait s&rsquo;agir d&rsquo;un produit, d&rsquo;un service, d&rsquo;un article de blog ou de l&rsquo;histoire de votre entreprise.<\/p>\n<p>\t\t\t<a href=\"#\" role=\"button\"><br \/>\n\t\t\t\t\t\tCTA Ex: D\u00e9couvrez-le en<br \/>\n\t\t\t\t\t<\/a><br \/>\n\t\t\t\t\t\t\t\t\t\t<img loading=\"lazy\" decoding=\"async\" width=\"1019\" height=\"758\" src=\"http:\/\/wpbilingual-staging.whc.ca\/wp-content\/uploads\/2018\/07\/img2-1.png\" alt=\"\" srcset=\"http:\/\/wpbilingual-staging.whc.ca\/wp-content\/uploads\/2018\/07\/img2-1.png 1019w, http:\/\/wpbilingual-staging.whc.ca\/wp-content\/uploads\/2018\/07\/img2-1-300x223.png 300w, http:\/\/wpbilingual-staging.whc.ca\/wp-content\/uploads\/2018\/07\/img2-1-768x571.png 768w\" sizes=\"(max-width: 1019px) 100vw, 1019px\" \/>\t\t\t\t\t\t\t\t\t\t\t<\/p>\n<h2>Bonjour! Ravi de vous voir!<\/h2>\n<p>Maintenant vous pouvez aller dans pourquoi ce site est ce qu&rsquo;ils recherchent! Le visiteur passe en moyenne 15 secondes sur un nouveau site avant de d\u00e9cider de rester ou de partir. Allez donc \u00e0 l&rsquo;essentiel tout en r\u00e9pondant \u00e0 son besoin<\/p>\n<ul>\n<li>\n<p>Pourquoi ce site existe-t-il (vous offrez une solution \u00e0 quelque chose!)?<\/p>\n<\/li>\n<li>\n<p>Qu&rsquo;est-ce qui rend votre entreprise \/ produit \/ service unique \/ incroyablement g\u00e9nial?<\/p>\n<\/li>\n<li>\n<p>A qui s&rsquo;adresse ce site?<\/p>\n<\/li>\n<\/ul>\n<p>Montrez-leur votre c\u00f4t\u00e9 humain! Les gens veulent du professionnalisme, mais ils pr\u00e9f\u00e8rent aussi traiter avec des humains plut\u00f4t qu&rsquo;avec des entreprises sans visage.<\/p>\n<p><strong>Ne vous embourbez pas! Vous allez \u00eatre g\u00e9nial!<\/strong><\/p>\n<p>Il s&rsquo;agit d&rsquo;un court pitch et peut-\u00eatre que vous n&rsquo;atteindrez votre rythme qu&rsquo;apr\u00e8s avoir \u00e9crit votre premi\u00e8re ou deuxi\u00e8me page de service\/produit. Vous pouvez toujours revenir et le changer. M\u00eame Margaret Atwood n&rsquo;obtient pas une bonne introduction la premi\u00e8re fois!<\/p>\n<p>[\/et_pb_text][\/et_pb_column]<br \/>\n\t\t\t[\/et_pb_row]<br \/>\n\t\t[\/et_pb_section]<\/p>\n","protected":false},"excerpt":{"rendered":"<p>La toute premi\u00e8re impression du visiteur\u00c9crire un titre qui les captive Cette zone de sous-titres est utilis\u00e9e pour cr\u00e9er un bref r\u00e9sum\u00e9 de ce qu&rsquo;est le site et susciter de l&rsquo;int\u00e9r\u00eat pour le d\u00e9couvrir. Placez les mots-cl\u00e9s les plus importants dans le titre et les mots-cl\u00e9s secondaires ici. Un appel \u00e0 l&rsquo;action (CTA): Quelle est [&hellip;]<\/p>\n","protected":false},"author":1,"featured_media":0,"parent":0,"menu_order":0,"comment_status":"closed","ping_status":"open","template":"","meta":{"_et_pb_use_builder":"on","_et_pb_old_content":"<h2><b>La toute premi\u00e8re impression du visiteur<\/b><br>\u00c9crire un titre qui les captive<\/h2>\t\t\n\t\tCette zone de sous-titres est utilis\u00e9e pour cr\u00e9er un bref r\u00e9sum\u00e9 de ce qu'est le site et susciter de l'int\u00e9r\u00eat pour le d\u00e9couvrir. Placez les mots-cl\u00e9s les plus importants dans le titre et les mots-cl\u00e9s secondaires ici.\t\t\n\t\t\t<a href=\"#\" role=\"button\">\n\t\t\t\t\t\tUn appel \u00e0 l'action (CTA): Quelle est l'action principale qu'un visiteur doit faire? (Soyez tr\u00e8s bref, contrairement \u00e0 nous :-) )\n\t\t\t\t\t<\/a>\n\t\t\t<figure><img width=\"151\" height=\"151\" src=\"http:\/\/wpbilingual-staging.whc.ca\/wp-content\/uploads\/2018\/07\/icon-G_S.2.png\" alt=\"\" srcset=\"http:\/\/wpbilingual-staging.whc.ca\/wp-content\/uploads\/2018\/07\/icon-G_S.2.png 151w, http:\/\/wpbilingual-staging.whc.ca\/wp-content\/uploads\/2018\/07\/icon-G_S.2-150x150.png 150w\" sizes=\"(max-width: 151px) 100vw, 151px\" \/><\/figure><h2>Produit ou service principal<\/h2><p>Quel est votre produit ou service vedette? Les gens veulent le trouver rapidement, alors mentionnez-le ici.<\/p>\t\t\n\t\t\t<a href=\"#\" role=\"button\">\n\t\t\t\t\t\tCTA Ex: Soyez dans le coup!\n\t\t\t\t\t<\/a>\n\t\t\t<figure><img width=\"151\" height=\"151\" src=\"http:\/\/wpbilingual-staging.whc.ca\/wp-content\/uploads\/2018\/07\/icon-G_S.4.png\" alt=\"\" srcset=\"http:\/\/wpbilingual-staging.whc.ca\/wp-content\/uploads\/2018\/07\/icon-G_S.4.png 151w, http:\/\/wpbilingual-staging.whc.ca\/wp-content\/uploads\/2018\/07\/icon-G_S.4-150x150.png 150w\" sizes=\"(max-width: 151px) 100vw, 151px\" \/><\/figure><h2>Deuxi\u00e8me produit ou service<\/h2><p>Ce n'est pas votre produit ou service le plus populaire, mais qui offre quand m\u00eame de la valeur \u00e0 un visiteur. Ils ont beau \u00eatre sur votre site pour le produit principal, mais celui-l\u00e0 leur donnera une raison suppl\u00e9mentaire de rester.<\/p>\t\t\n\t\t\t<a href=\"#\" role=\"button\">\n\t\t\t\t\t\tCTA EX: Obtenez-le en Sp\u00e9cial!\n\t\t\t\t\t<\/a>\n\t\t\t<figure><img width=\"151\" height=\"151\" src=\"http:\/\/wpbilingual-staging.whc.ca\/wp-content\/uploads\/2018\/07\/icon-G_S.3.png\" alt=\"\" srcset=\"http:\/\/wpbilingual-staging.whc.ca\/wp-content\/uploads\/2018\/07\/icon-G_S.3.png 151w, http:\/\/wpbilingual-staging.whc.ca\/wp-content\/uploads\/2018\/07\/icon-G_S.3-150x150.png 150w\" sizes=\"(max-width: 151px) 100vw, 151px\" \/><\/figure><h2>3e produit ou service<\/h2><p>Terminer le triple combo gagnant en suscitant la curiosit\u00e9 de vos visiteurs. Vous voulez que le visiteur moyen fasse \"hmm de quoi s'agit-il? Il pourrait s'agir d'un produit, d'un service, d'un article de blog ou de l'histoire de votre entreprise.<\/p>\t\t\n\t\t\t<a href=\"#\" role=\"button\">\n\t\t\t\t\t\tCTA Ex: D\u00e9couvrez-le en \n\t\t\t\t\t<\/a>\n\t\t\t\t\t\t\t\t\t\t<img width=\"1019\" height=\"758\" src=\"http:\/\/wpbilingual-staging.whc.ca\/wp-content\/uploads\/2018\/07\/img2-1.png\" alt=\"\" srcset=\"http:\/\/wpbilingual-staging.whc.ca\/wp-content\/uploads\/2018\/07\/img2-1.png 1019w, http:\/\/wpbilingual-staging.whc.ca\/wp-content\/uploads\/2018\/07\/img2-1-300x223.png 300w, http:\/\/wpbilingual-staging.whc.ca\/wp-content\/uploads\/2018\/07\/img2-1-768x571.png 768w\" sizes=\"(max-width: 1019px) 100vw, 1019px\" \/>\t\t\t\t\t\t\t\t\t\t\t\n\t\t\t<h2>Bonjour! Ravi de vous voir!<\/h2>\t\t\n\t\t<p>Maintenant vous pouvez aller dans pourquoi ce site est ce qu'ils recherchent! Le visiteur passe en moyenne 15 secondes sur un nouveau site avant de d\u00e9cider de rester ou de partir. Allez donc \u00e0 l'essentiel tout en r\u00e9pondant \u00e0 son besoin<\/p><ul><li><p>Pourquoi ce site existe-t-il (vous offrez une solution \u00e0 quelque chose!)?<\/p><\/li><li><p>Qu'est-ce qui rend votre entreprise \/ produit \/ service unique \/ incroyablement g\u00e9nial?<\/p><\/li><li><p>A qui s'adresse ce site?<\/p><\/li><\/ul><p>Montrez-leur votre c\u00f4t\u00e9 humain! Les gens veulent du professionnalisme, mais ils pr\u00e9f\u00e8rent aussi traiter avec des humains plut\u00f4t qu'avec des entreprises sans visage.<\/p><p><strong>Ne vous embourbez pas! Vous allez \u00eatre g\u00e9nial!<\/strong><\/p><p>Il s'agit d'un court pitch et peut-\u00eatre que vous n'atteindrez votre rythme qu'apr\u00e8s avoir \u00e9crit votre premi\u00e8re ou deuxi\u00e8me page de service\/produit. Vous pouvez toujours revenir et le changer. M\u00eame Margaret Atwood n'obtient pas une bonne introduction la premi\u00e8re fois!<\/p>","_et_gb_content_width":"","footnotes":""},"class_list":["post-298","page","type-page","status-publish","hentry"],"_links":{"self":[{"href":"https:\/\/bridgename.com\/fr\/wp-json\/wp\/v2\/pages\/298","targetHints":{"allow":["GET"]}}],"collection":[{"href":"https:\/\/bridgename.com\/fr\/wp-json\/wp\/v2\/pages"}],"about":[{"href":"https:\/\/bridgename.com\/fr\/wp-json\/wp\/v2\/types\/page"}],"author":[{"embeddable":true,"href":"https:\/\/bridgename.com\/fr\/wp-json\/wp\/v2\/users\/1"}],"replies":[{"embeddable":true,"href":"https:\/\/bridgename.com\/fr\/wp-json\/wp\/v2\/comments?post=298"}],"version-history":[{"count":6,"href":"https:\/\/bridgename.com\/fr\/wp-json\/wp\/v2\/pages\/298\/revisions"}],"predecessor-version":[{"id":710,"href":"https:\/\/bridgename.com\/fr\/wp-json\/wp\/v2\/pages\/298\/revisions\/710"}],"wp:attachment":[{"href":"https:\/\/bridgename.com\/fr\/wp-json\/wp\/v2\/media?parent=298"}],"curies":[{"name":"wp","href":"https:\/\/api.w.org\/{rel}","templated":true}]}}