{"id":344,"date":"2018-08-08T10:39:59","date_gmt":"2018-08-08T15:39:59","guid":{"rendered":"http:\/\/wpbilingual-staging.whc.ca\/?page_id=344"},"modified":"2025-09-27T14:59:51","modified_gmt":"2025-09-27T18:59:51","slug":"a-propos","status":"publish","type":"page","link":"https:\/\/bridgename.com\/fr\/a-propos\/","title":{"rendered":"\u00c0 propos"},"content":{"rendered":"<p>[et_pb_section fb_built=\u00a0\u00bb1&Prime; admin_label=\u00a0\u00bbsection\u00a0\u00bb _builder_version=\u00a0\u00bb4.16&Prime; global_colors_info=\u00a0\u00bb{}\u00a0\u00bb][et_pb_row admin_label=\u00a0\u00bbrow\u00a0\u00bb _builder_version=\u00a0\u00bb4.16&Prime; background_size=\u00a0\u00bbinitial\u00a0\u00bb background_position=\u00a0\u00bbtop_left\u00a0\u00bb background_repeat=\u00a0\u00bbrepeat\u00a0\u00bb custom_padding=\u00a0\u00bb||30px|||\u00a0\u00bb global_colors_info=\u00a0\u00bb{}\u00a0\u00bb][et_pb_column type=\u00a0\u00bb4_4&Prime; _builder_version=\u00a0\u00bb4.16&Prime; custom_padding=\u00a0\u00bb|||\u00a0\u00bb global_colors_info=\u00a0\u00bb{}\u00a0\u00bb custom_padding__hover=\u00a0\u00bb|||\u00a0\u00bb][et_pb_text admin_label=\u00a0\u00bbText\u00a0\u00bb _builder_version=\u00a0\u00bb4.16&Prime; background_size=\u00a0\u00bbinitial\u00a0\u00bb background_position=\u00a0\u00bbtop_left\u00a0\u00bb background_repeat=\u00a0\u00bbrepeat\u00a0\u00bb custom_padding=\u00a0\u00bb||0px|53px||\u00a0\u00bb global_colors_info=\u00a0\u00bb{}\u00a0\u00bb]<\/p>\n<h2><b>\u00c0 propos<\/b><\/h2>\n<p>&nbsp;<\/p>\n<h2>Alexandre Chevalier<\/h2>\n<p>Fondateur et Directeur<\/p>\n<p>Avec plus de 5 ann\u00e9es d&rsquo;exp\u00e9rience dans le secteur des noms de domaine premium et multiples transactions r\u00e9alis\u00e9es \u00e0 l&rsquo;internationnal, il me fera plaisir de mettre mon expertise dans l&rsquo;acquisition, n\u00e9gociation et vente de votre nom de domaine. Avec un \u00ab\u00a0mindset\u00a0\u00bb qu&rsquo;il ne faut jamais abandonn\u00e9, c&rsquo;est avec conviction que nous avancerons vers votre future marque.\u00a0<\/p>\n<p>&nbsp;<\/p>\n<p>&nbsp;<\/p>\n<p>&nbsp;<\/p>\n<p>[\/et_pb_text][\/et_pb_column][\/et_pb_row][et_pb_row _builder_version=\u00a0\u00bb4.27.4&Prime; _module_preset=\u00a0\u00bbdefault\u00a0\u00bb global_colors_info=\u00a0\u00bb{}\u00a0\u00bb][et_pb_column type=\u00a0\u00bb4_4&Prime; _builder_version=\u00a0\u00bb4.27.4&Prime; _module_preset=\u00a0\u00bbdefault\u00a0\u00bb global_colors_info=\u00a0\u00bb{}\u00a0\u00bb][\/et_pb_column][\/et_pb_row][\/et_pb_section]<\/p>\n","protected":false},"excerpt":{"rendered":"<p>\u00c0 propos &nbsp; Alexandre Chevalier Fondateur et Directeur Avec plus de 5 ann\u00e9es d&rsquo;exp\u00e9rience dans le secteur des noms de domaine premium et multiples transactions r\u00e9alis\u00e9es \u00e0 l&rsquo;internationnal, il me fera plaisir de mettre mon expertise dans l&rsquo;acquisition, n\u00e9gociation et vente de votre nom de domaine. Avec un \u00ab\u00a0mindset\u00a0\u00bb qu&rsquo;il ne faut jamais abandonn\u00e9, c&rsquo;est [&hellip;]<\/p>\n","protected":false},"author":1,"featured_media":0,"parent":0,"menu_order":0,"comment_status":"closed","ping_status":"closed","template":"","meta":{"_et_pb_use_builder":"on","_et_pb_old_content":"<h2><b>\u00e0 propos<\/b><\/h2>\t\t\n\t\t\t\t\t\t\t\t\t\t<img width=\"800\" height=\"809\" src=\"http:\/\/wpbilingual-staging.whc.ca\/wp-content\/uploads\/2018\/07\/img1-1.png\" alt=\"\" srcset=\"http:\/\/wpbilingual-staging.whc.ca\/wp-content\/uploads\/2018\/07\/img1-1.png 800w, http:\/\/wpbilingual-staging.whc.ca\/wp-content\/uploads\/2018\/07\/img1-1-297x300.png 297w, http:\/\/wpbilingual-staging.whc.ca\/wp-content\/uploads\/2018\/07\/img1-1-768x777.png 768w\" sizes=\"(max-width: 800px) 100vw, 800px\" \/>\t\t\t\t\t\t\t\t\t\t\t\n\t\t\t<h2>Quel est le r\u00f4le de votre entreprise?<\/h2>\t\t\n\t\t<p>Vous n'\u00eates pas n'importe qui, vous \u00eates la solution \u00e0 un probl\u00e8me! Il peut s'agir d'un probl\u00e8me de plomberie, d'un lancement d'une nouvelle mode cool ou de simples informations sur un sujet. Vous avez des raisons d'\u00eatre fier de vous et de votre entreprise, alors faites-le savoir au monde entier!<\/p>\t\t\n\t\t\t<h2>Qu'est-ce qui vous a men\u00e9 l\u00e0 o\u00f9 vous \u00eates aujourd'hui?<\/h2>\t\t\n\t\t<p>Vous avez une histoire et les gens veulent l'entendre! Savoir d'o\u00f9 vous venez aide les gens \u00e0 comprendre o\u00f9 vous allez. Quel que soit l'endroit d'o\u00f9 vous venez, il sera int\u00e9ressant de le faire savoir, c'est votre chance de prendre les visiteurs par leurs sentiments pour qu'ils puissent se dire \"je peux comprendre\" ou \"Ouaouh, c'est impressionnant\".<\/p>\t\t\n\t\t\t<h2>Quelle \u00e9quipe!<\/h2>\t\t\n\t\t<p style=\"margin-bottom: 0cm;\">Que serait votre entreprise sans vous et les membres de votre \u00e9quipe ? Nulle part, parce que \u00e7a n'existerait pas ! Donnez \u00e0 votre \u00e9quipe la reconnaissance qu'elle m\u00e9rite. Ce sont les personnes avec qui vos clients traiteront et cela constitue un excellent argument de vente.<\/p>\t\t\n\t\t\t\t\t\t\t\t\t\t<img width=\"400\" height=\"400\" src=\"http:\/\/wpbilingual-staging.whc.ca\/wp-content\/uploads\/2018\/07\/ava4.png\" alt=\"\" srcset=\"http:\/\/wpbilingual-staging.whc.ca\/wp-content\/uploads\/2018\/07\/ava4.png 400w, http:\/\/wpbilingual-staging.whc.ca\/wp-content\/uploads\/2018\/07\/ava4-150x150.png 150w, http:\/\/wpbilingual-staging.whc.ca\/wp-content\/uploads\/2018\/07\/ava4-300x300.png 300w\" sizes=\"(max-width: 400px) 100vw, 400px\" \/>\t\t\t\t\t\t\t\t\t\t\t\n\t\t\t<h2>John Doe<\/h2>\t\t\n\t\t\tFondateur et Directeur\t\t\n\t\t<p>La force motrice derri\u00e8re tout \u00e7a. Le patron travaille dur et a des int\u00e9r\u00eats qui donnent un c\u00f4t\u00e9 personnel \u00e0 ce \"commandant de bord\".<\/p>\t\t\n\t\t\t\t\t\t\t\t\t\t<img width=\"400\" height=\"400\" src=\"http:\/\/wpbilingual-staging.whc.ca\/wp-content\/uploads\/2018\/07\/ava1.png\" alt=\"\" srcset=\"http:\/\/wpbilingual-staging.whc.ca\/wp-content\/uploads\/2018\/07\/ava1.png 400w, http:\/\/wpbilingual-staging.whc.ca\/wp-content\/uploads\/2018\/07\/ava1-150x150.png 150w, http:\/\/wpbilingual-staging.whc.ca\/wp-content\/uploads\/2018\/07\/ava1-300x300.png 300w\" sizes=\"(max-width: 400px) 100vw, 400px\" \/>\t\t\t\t\t\t\t\t\t\t\t\n\t\t\t<h2>Jane Smith<\/h2>\t\t\n\t\t\tExperte Professionnelle\t\t\n\t\t<p>Une employ\u00e9e qui fait que la magie op\u00e8re. Cette personne n'est pas seulement un expert, mais elle comprend aussi les d\u00e9sirs et les besoins des clients.<\/p>\t\t\n\t\t\t\t\t\t\t\t\t\t<img width=\"400\" height=\"400\" src=\"http:\/\/wpbilingual-staging.whc.ca\/wp-content\/uploads\/2018\/07\/ava2.png\" alt=\"\" srcset=\"http:\/\/wpbilingual-staging.whc.ca\/wp-content\/uploads\/2018\/07\/ava2.png 400w, http:\/\/wpbilingual-staging.whc.ca\/wp-content\/uploads\/2018\/07\/ava2-150x150.png 150w, http:\/\/wpbilingual-staging.whc.ca\/wp-content\/uploads\/2018\/07\/ava2-300x300.png 300w\" sizes=\"(max-width: 400px) 100vw, 400px\" \/>\t\t\t\t\t\t\t\t\t\t\t\n\t\t\t<h2>Brian Johson<\/h2>\t\t\n\t\t\tTechnicien de Surface\t\t\n\t\t<p>Chaque membre de l'\u00e9quipe est important. Certains sont les h\u00e9ros m\u00e9connus de l'entreprise. Ils travaillent en coulisses pour que l'entreprise fonctionne dans les meilleures conditions!<\/p>\t\t\n\t\t\t<h2>Une vid\u00e9o sur l'entreprise, son quotidien ou quelque chose d'autre \"\u00e0 notre sujet\".<\/h2>\t\t\n\t\thttps:\/\/www.youtube.com\/watch?v=9uOETcuFjbE\t\t\n\t\t\t\t<figure><img src=\"http:\/\/wpbilingual-staging.whc.ca\/wp-content\/uploads\/elementor\/thumbs\/darkside-nu83m7ypemnbm1jsabl1wbs3fpf19ozke3ntsavjl4.png\" alt=\"darkside.png\" \/><\/figure><figure><img src=\"http:\/\/wpbilingual-staging.whc.ca\/wp-content\/uploads\/elementor\/thumbs\/zusman-nu83m7ypemnbm1jsabl1wbs3fpf19ozke3ntsavjl4.png\" alt=\"zusman.png\" \/><\/figure><figure><img src=\"http:\/\/wpbilingual-staging.whc.ca\/wp-content\/uploads\/elementor\/thumbs\/ARMOND-nu83m7ypemnbm1jsabl1wbs3fpf19ozke3ntsavjl4.png\" alt=\"ARMOND.png\" \/><\/figure><figure><img src=\"http:\/\/wpbilingual-staging.whc.ca\/wp-content\/uploads\/elementor\/thumbs\/larozse-nu83m7ypemnbm1jsabl1wbs3fpf19ozke3ntsavjl4.png\" alt=\"larozse.png\" \/><\/figure><figure><img src=\"http:\/\/wpbilingual-staging.whc.ca\/wp-content\/uploads\/elementor\/thumbs\/ECOCODE-nu83m7ypemnbm1jsabl1wbs3fpf19ozke3ntsavjl4.png\" alt=\"ECOCODE.png\" \/><\/figure><figure><img src=\"http:\/\/wpbilingual-staging.whc.ca\/wp-content\/uploads\/elementor\/thumbs\/BOLEIR-nu83m7ypemnbm1jsabl1wbs3fpf19ozke3ntsavjl4.png\" alt=\"BOLEIR.png\" \/><\/figure><figure><img src=\"http:\/\/wpbilingual-staging.whc.ca\/wp-content\/uploads\/elementor\/thumbs\/GEO-nu83m7ypemnbm1jsabl1wbs3fpf19ozke3ntsavjl4.png\" alt=\"GEO.png\" \/><\/figure><figure><img src=\"http:\/\/wpbilingual-staging.whc.ca\/wp-content\/uploads\/elementor\/thumbs\/x.venox_-nu83m7ypemnbm1jsabl1wbs3fpf19ozke3ntsavjl4.png\" alt=\"x.venox_.png\" \/><\/figure><figure><img src=\"http:\/\/wpbilingual-staging.whc.ca\/wp-content\/uploads\/elementor\/thumbs\/FIFTHFLOUR-nu83m7ypemnbm1jsabl1wbs3fpf19ozke3ntsavjl4.png\" alt=\"FIFTHFLOUR.png\" \/><\/figure>","_et_gb_content_width":"","footnotes":""},"class_list":["post-344","page","type-page","status-publish","hentry"],"_links":{"self":[{"href":"https:\/\/bridgename.com\/fr\/wp-json\/wp\/v2\/pages\/344","targetHints":{"allow":["GET"]}}],"collection":[{"href":"https:\/\/bridgename.com\/fr\/wp-json\/wp\/v2\/pages"}],"about":[{"href":"https:\/\/bridgename.com\/fr\/wp-json\/wp\/v2\/types\/page"}],"author":[{"embeddable":true,"href":"https:\/\/bridgename.com\/fr\/wp-json\/wp\/v2\/users\/1"}],"replies":[{"embeddable":true,"href":"https:\/\/bridgename.com\/fr\/wp-json\/wp\/v2\/comments?post=344"}],"version-history":[{"count":8,"href":"https:\/\/bridgename.com\/fr\/wp-json\/wp\/v2\/pages\/344\/revisions"}],"predecessor-version":[{"id":509,"href":"https:\/\/bridgename.com\/fr\/wp-json\/wp\/v2\/pages\/344\/revisions\/509"}],"wp:attachment":[{"href":"https:\/\/bridgename.com\/fr\/wp-json\/wp\/v2\/media?parent=344"}],"curies":[{"name":"wp","href":"https:\/\/api.w.org\/{rel}","templated":true}]}}